{"id":10957,"date":"2023-01-02T10:43:35","date_gmt":"2023-01-02T08:43:35","guid":{"rendered":"https:\/\/www.elmont.si\/?page_id=10957"},"modified":"2023-05-22T14:54:52","modified_gmt":"2023-05-22T12:54:52","slug":"politika-zasebnosti","status":"publish","type":"page","link":"https:\/\/www.elmont.si\/sl\/politika-zasebnosti\/","title":{"rendered":"Politika zasebnosti"},"content":{"rendered":"<p><div class=\"fusion-fullwidth fullwidth-box fusion-builder-row-1 fusion-flex-container nonhundred-percent-fullwidth non-hundred-percent-height-scrolling\" style=\"--awb-border-radius-top-left:0px;--awb-border-radius-top-right:0px;--awb-border-radius-bottom-right:0px;--awb-border-radius-bottom-left:0px;--awb-flex-wrap:wrap;\" ><div class=\"fusion-builder-row fusion-row fusion-flex-align-items-flex-start fusion-flex-content-wrap\" style=\"max-width:1248px;margin-left: calc(-4% \/ 2 );margin-right: calc(-4% \/ 2 );\"><div class=\"fusion-layout-column fusion_builder_column fusion-builder-column-0 fusion_builder_column_1_1 1_1 fusion-flex-column\" style=\"--awb-bg-size:cover;--awb-width-large:100%;--awb-margin-top-large:0px;--awb-spacing-right-large:28.8%;--awb-margin-bottom-large:20px;--awb-spacing-left-large:28.8%;--awb-width-medium:100%;--awb-order-medium:0;--awb-spacing-right-medium:14.4%;--awb-spacing-left-medium:14.4%;--awb-width-small:100%;--awb-order-small:0;--awb-spacing-right-small:1.92%;--awb-spacing-left-small:1.92%;\"><div class=\"fusion-column-wrapper fusion-column-has-shadow fusion-flex-justify-content-flex-start fusion-content-layout-column\"><div class=\"fusion-title title fusion-title-1 fusion-sep-none fusion-title-text fusion-title-size-two\" style=\"--awb-text-color:var(--awb-color1);\"><h2 class=\"fusion-title-heading title-heading-left fusion-responsive-typography-calculated\" style=\"margin:0;--fontSize:48;line-height:var(--awb-typography1-line-height);\"><h2 style=\"text-align: center;\" data-fontsize=\"36\" data-lineheight=\"56\">Politika zasebnosti<\/h2><\/h2><\/div><\/div><\/div><\/div><\/div><div class=\"fusion-fullwidth fullwidth-box fusion-builder-row-2 fusion-flex-container nonhundred-percent-fullwidth non-hundred-percent-height-scrolling\" style=\"--awb-border-radius-top-left:0px;--awb-border-radius-top-right:0px;--awb-border-radius-bottom-right:0px;--awb-border-radius-bottom-left:0px;--awb-flex-wrap:wrap;\" ><div class=\"fusion-builder-row fusion-row fusion-flex-align-items-flex-start fusion-flex-content-wrap\" style=\"max-width:1248px;margin-left: calc(-4% \/ 2 );margin-right: calc(-4% \/ 2 );\"><div class=\"fusion-layout-column fusion_builder_column fusion-builder-column-1 fusion_builder_column_1_1 1_1 fusion-flex-column\" style=\"--awb-padding-right:20%;--awb-padding-left:20%;--awb-padding-right-medium:10px;--awb-padding-left-medium:10px;--awb-padding-right-small:0px;--awb-padding-left-small:0px;--awb-bg-size:cover;--awb-width-large:100%;--awb-margin-top-large:0px;--awb-spacing-right-large:1.92%;--awb-margin-bottom-large:20px;--awb-spacing-left-large:1.92%;--awb-width-medium:100%;--awb-order-medium:0;--awb-spacing-right-medium:1.92%;--awb-spacing-left-medium:1.92%;--awb-width-small:100%;--awb-order-small:0;--awb-spacing-right-small:1.92%;--awb-spacing-left-small:1.92%;\"><div class=\"fusion-column-wrapper fusion-column-has-shadow fusion-flex-justify-content-flex-start fusion-content-layout-column\"><div class=\"fusion-text fusion-text-1\" style=\"--awb-text-color:var(--awb-color1);\"><p>Elmont Bled d.d. se zavzema za varovanje va\u0161e zasebnosti. Pi\u0161ite nam na <a href=\"mailto:elmont@elmont.si\">elmont@elmont.si<\/a>, \u010de imate kakr\u0161na koli vpra\u0161anja ali te\u017eave glede uporabe va\u0161ih osebnih podatkov in z veseljem vam bomo pomagali. Z uporabo te spletne strani in \/ ali na\u0161ih storitev se strinjate z obdelavo va\u0161ih osebnih podatkov, kot je opisano v tem pravilniku o zasebnosti. Ta pravilnik o zasebnosti je del na\u0161ih dolo\u010dil in pogojev; s tem, da se strinjate s pogoji in pogoji, s katerimi se strinjate tudi s tem pravilnikom. V primeru tr\u010denja izrazov, ki se uporabljajo v dolo\u010dilih in pogojih ter v pravilniku o zasebnosti, prevlada slednja.<\/p>\n<h3 class=\"fusion-responsive-typography-calculated\" style=\"--fontsize: 36; line-height: 1.2; color: #ffffff;\" data-fontsize=\"36\" data-lineheight=\"43.20000076293945px\">Kazalo vsebine<\/h3>\n<ol>\n<li>Definicije uporabljene v tem pravilniku<\/li>\n<li>Na\u010dela varstva podatkov, ki jih spremljamo<\/li>\n<li>Kak\u0161ne pravice imate glede osebnih podatkov<\/li>\n<li>Katere osebne podatke zberamo o vas<\/li>\n<li>Kako uporabljamo va\u0161e osebne podatke<\/li>\n<li>Kdo drug ima dostop do va\u0161ih osebnih podatkov<\/li>\n<li>Kako varujemo va\u0161e podatke<\/li>\n<li>Informacije o pi\u0161kotkih<\/li>\n<li>Kontaktne informacije<\/li>\n<\/ol>\n<h3 class=\"fusion-responsive-typography-calculated\" style=\"--fontsize: 36; line-height: 1.2; color: #ffffff;\" data-fontsize=\"36\" data-lineheight=\"43.20000076293945px\">1. Definicije<\/h3>\n<p><strong>Osebni podatki<\/strong> \u2013 vse informacije, ki se nana\u0161ajo na dolo\u010deno ali dolo\u010dljivo fizi\u010dno osebo.<br \/>\n<strong>Procesiranje<\/strong> \u2013 kakr\u0161en koli postopek ali niz postopkov, ki se izvajajo v zvezi osebnih podatkov ali na sklope osebnih podatkov.<br \/>\n<strong>Posameznik<\/strong> \u2013 fizi\u010dna oseba, katere osebni podatki se obdelujejo.<br \/>\n<strong>Otrok<\/strong> \u2013 fizi\u010dna oseba, mlaj\u0161a od 16 let.<br \/>\n<strong>Mi<\/strong> \u2013 Elmont Bled d.o.o.<\/p>\n<h3 class=\"fusion-responsive-typography-calculated\" style=\"--fontsize: 36; line-height: 1.2; color: #ffffff;\" data-fontsize=\"36\" data-lineheight=\"43.20000076293945px\">2. Na\u010dela varstva podatkov<\/h3>\n<p>Obljubljamo, da bomo upo\u0161tevali naslednja na\u010dela varstva podatkov:<\/p>\n<ul>\n<li>Predelava je zakonita, po\u0161tena, transparentna. Na\u0161e predelave dejavnosti imajo zakonite podlage. Vedno upo\u0161tevamo va\u0161e pravice pred obdelavo osebnih podatkov. Nudimo vam informacije o obdelavi na zahtevo.<\/li>\n<li>Predelava je omejena na namen. Na\u0161e obdelovalne dejavnosti ustrezajo namenu zbiranja osebnih podatkov.<\/li>\n<li>Obdelava se opravi z minimalnimi podatki. Zbiramo in obdelamo le minimalne koli\u010dine osebnih podatkov, ki so potrebni za kateri koli namen.<\/li>\n<li>Obdelava je omejena s \u010dasovnim obdobjem. Va\u0161ih osebnih podatkov ne bomo shranjevali dlje, kot je potrebno.<\/li>\n<li>Trudili se bomo, da bomo zagotovili to\u010dnost podatkov.<\/li>\n<li>Trudili se bomo, da bomo zagotovili celovitost in zaupnost podatkov.<\/li>\n<\/ul>\n<h3 class=\"fusion-responsive-typography-calculated\" style=\"--fontsize: 36; line-height: 1.2; color: #ffffff;\" data-fontsize=\"36\" data-lineheight=\"43.20000076293945px\">3. Pravice do osebnih podatkov<\/h3>\n<p>Posameznik ima naslednje pravice:<\/p>\n<ol>\n<li>Pravica do informacij \u2013 kar pomeni, da morate vedeti, ali se va\u0161i osebni podatki obdelujejo; kateri podatki so zbrani, od kod je pridobljen, zakaj in kdo je obdelan.<\/li>\n<li>Pravica do dostopa \u2013 kar pomeni, da imate pravico do dostopa do podatkov, zbranih od vas. To vklju\u010duje va\u0161o pravico zahtevati in pridobiti kopijo zbranih osebnih podatkov.<\/li>\n<li>Pravica do popravka \u2013 kar pomeni, da imate pravico zahtevati popravek ali izbris osebnih podatkov, ki so neto\u010dni ali nepopolni.<\/li>\n<li>Pravica do izbrisa \u2013 v dolo\u010denih okoli\u0161\u010dinah lahko zahtevate izbris osebnih podatkov iz na\u0161ih evidenc. Po\u0161ljite e-po\u0161to na <a href=\"mailto:elmont@elmont.si\">elmont@elmont.si<\/a>.<\/li>\n<li>Pravica do omejitve obdelave \u2013 kar pomeni, \u010de veljajo dolo\u010deni pogoji, imate pravico omejiti obdelavo va\u0161ih osebnih podatkov.<\/li>\n<li>Pravica do ugovora z obdelavo \u2013 v nekaterih primerih imate pravico nasprotovati obdelavi va\u0161ih osebnih podatkov, na primer v primeru neposrednega tr\u017eenja.<\/li>\n<li>Pravica do ugovora z avtomatizirano obdelavo \u2013 kar pomeni, da imate pravico do ugovora z avtomatizirano obdelavo, vklju\u010dno z profiliranjem; in da ne bo predmet odlo\u010ditve, ki temelji samo na avtomatizirani obdelavi. To pravico lahko uveljavite, kadar pride do izida profiliranja, ki ima pravne u\u010dinke, ki zadevajo ali bistveno vplivajo na vas.<\/li>\n<li>Pravica do prenosljivosti podatkov \u2013 imate pravico, da svoje osebne podatke pridobite v strojno berljivi obliki ali \u010de je to izvedljivo, kot neposreden prenos iz enega procesorja v drugega.<\/li>\n<li>Pravica do vlo\u017eitve prito\u017ebe \u2013 v primeru, da zavrnemo va\u0161o zahtevo po Pravicah dostopa, vam bomo dali razloge, zakaj. \u010ce niste zadovoljni z na\u010dinom obravnave va\u0161e zahteve, se obrnite na nas.<\/li>\n<li>Pravica do pomo\u010di <a href=\"http:\/\/www.ip-rs.si\/\">nadzornega organa<\/a>\u2013 kar pomeni, da imate pravico do pomo\u010di nadzornega organa in pravico do drugih pravnih sredstev, kot je uveljavljanje od\u0161kodnine.<\/li>\n<li>Pravica do odvzema dovoljenja \u2013 imate pravico umakniti katero koli privolitev za obdelavo va\u0161ih osebnih podatkov.<\/li>\n<\/ol>\n<h3 class=\"fusion-responsive-typography-calculated\" style=\"--fontsize: 36; line-height: 1.2; color: #ffffff;\" data-fontsize=\"36\" data-lineheight=\"43.20000076293945px\">4. Podatki, ki jih zbiramo<\/h3>\n<p><strong>Podatki, ki ste nam jih posredovali<\/strong><br \/>\nTo je morda va\u0161 e-po\u0161tni naslov, ime, telefonska \u0161tevilka, itd. \u2013 predvsem informacije, ki so potrebne za medsebojno komunikacijo o na\u0161ih izdelkih \/ storitvah ali za izbolj\u0161anje va\u0161e uporabni\u0161ke izku\u0161nje. Informacije, ki nam jih posredujete, shranjujemo, da lahko opravljate druge dejavnosti na spletnem mestu.<\/p>\n<p><strong>Informacije, ki se samodejno zbirajo o vas<\/strong><br \/>\nTo vsebuje informacije, ki jih samodejno shranjujejo pi\u0161kotki in druga orodja za sejo. Na primer, va\u0161 naslov IP, vrsto brskalnika, obiskane strani, itd. Te informacije se uporabljajo za statistiko obiska ter izbolj\u0161anje va\u0161e uporabni\u0161ke izku\u0161nje. Ko uporabljate na\u0161e storitve ali si ogledate vsebino na\u0161ega spletnega mesta, se lahko va\u0161e dejavnosti prijavijo.<\/p>\n<p><strong>Javno dostopne informacije<\/strong><br \/>\nMorda bomo zbrali informacije o vas, ki so javno dostopne.<\/p>\n<h3 class=\"fusion-responsive-typography-calculated\" style=\"--fontsize: 36; line-height: 1.2; color: #ffffff;\" data-fontsize=\"36\" data-lineheight=\"43.20000076293945px\">5. Kako uporabljamo va\u0161e osebne podatke<\/h3>\n<p>Uporabljamo va\u0161e osebne podatke, da bi:<\/p>\n<ul>\n<li>vam nudilo na\u0161e storitve in izdelke. To vklju\u010duje na primer registracijo va\u0161ega ra\u010duna; nudenje drugih izdelkov in storitev, ki ste jih zahtevali; nudenje promocijskih izdelkov na va\u0161o zahtevo in komuniciranje z vami v zvezi s temi izdelki in storitvami; komuniciranje in sodelovanje z vami; in vas obvestim o spremembah katerih koli storitev.<\/li>\n<li>izbolj\u0161ajo va\u0161e izku\u0161nje;<\/li>\n<li>izpolnila obveznosti iz prava, ponudbe\/naro\u010dila ali pogodbe;<\/li>\n<\/ul>\n<p>Va\u0161e osebne podatke uporabljamo na podlagi zakonitih razlogov in\/ali z va\u0161im soglasjem.<\/p>\n<p>Na podlagi sklenitve naro\u010dila, pogodbe ali izpolnjevanja pogodbenih obveznosti obdelamo va\u0161e osebne podatke za naslednje namene:<\/p>\n<ul>\n<li>za identifikacijo;<\/li>\n<li>da vam zagotovimo storitev ali po\u0161ljemo\/ponudimo izdelek;<\/li>\n<li>komunicirati, bodisi za prodajo, dostavo ali izdajanje ra\u010dunov;<\/li>\n<\/ul>\n<p>Na podlagi legitimnega interesa obdelamo va\u0161e osebne podatke za naslednje namene:<\/p>\n<ul>\n<li>da vam po\u0161ljemo prilagojene ponudbe;<\/li>\n<li>upravljati in analizirati na\u0161o bazo strank (nakupno vedenje in zgodovino), da bi izbolj\u0161ali kakovost, raznolikost in razpolo\u017eljivost ponujenih izdelkov \/ storitev;<\/li>\n<li>voditi vpra\u0161alnike o zadovoljstvu strank;<\/li>\n<\/ul>\n<p>Dokler nas niste obvestili druga\u010de, menimo, da vam ponujamo izdelke \/ storitve, ki so podobni ali enaki va\u0161i zgodovini nakupov \/ vedenju brskanja, ki so na\u0161i legitimni interes.<\/p>\n<p>Z va\u0161im soglasjem obdelamo va\u0161e osebne podatke za naslednje namene:<\/p>\n<ul>\n<li>da vam po\u0161ljemo novice in ponudbe;<\/li>\n<li>za druge namene smo zaprosili za va\u0161e soglasje;<\/li>\n<\/ul>\n<p>Obdelujemo va\u0161e osebne podatke, da bi izpolnili obveznost, ki izhaja iz zakona in\/ali uporabite svoje osebne podatke za mo\u017enosti, ki jih dolo\u010da zakon. Pridr\u017eujemo si pravico do anonimiziranja zbranih osebnih podatkov in uporabe tak\u0161nih podatkov. Podatke izven podro\u010dja uporabe tega pravilnika bomo uporabili le, \u010de je anonimiran. Va\u0161e podatke za zara\u010dunavanje in druge informacije, zbrane o vas, shranimo tako dolgo, kot je potrebno za ra\u010dunovodske namene ali druge obveznosti, ki izhajajo iz zakona, vendar ne ve\u010d kot 5 let.<\/p>\n<p>Osebne podatke lahko obdelujemo za dodatne namene, ki niso tu navedeni, vendar so zdru\u017eljivi s prvotnim namenom, za katerega so bili zbrani podatki. Za to bomo to zagotovili:<\/p>\n<ul>\n<li>povezava med nameni, kontekstom in naravo osebnih podatkov je primerna za nadaljnjo obdelavo;<\/li>\n<li>nadaljnja obdelava ne bi \u0161kodila va\u0161im interesom in<\/li>\n<li>bi bilo primerno za za\u0161\u010dito pred obdelavo.<\/li>\n<\/ul>\n<p>Vas bomo obvestili o kakr\u0161nih koli nadaljnjih obdelavah in namenih.<\/p>\n<h3 class=\"fusion-responsive-typography-calculated\" style=\"--fontsize: 36; line-height: 1.2; color: #ffffff;\" data-fontsize=\"36\" data-lineheight=\"43.20000076293945px\">6. Kdo drug lahko dostopa do va\u0161ih osebnih podatkov<\/h3>\n<p>Osebnih podatkov ne delimo z neznanci. Osebne podatke o vas v nekaterih primerih zagotavljajo na\u0161im zaupanja vrednim poslovnim partnerjem, da vam posredujejo odgovore glede Elmont re\u0161itev ter, da vam bodisi omogo\u010dijo storitev oz. nakup ali, da izbolj\u0161amo svoje izku\u0161nje s strankami.<\/p>\n<p>Va\u0161e osebne podatke razkrivamo tretjim osebam ali javnim uslu\u017ebencem, \u010de smo to pravno zavezani. Osebne podatke lahko razkrijemo tretjim osebam, \u010de se strinjate z njo ali \u010de obstajajo drugi pravni razlogi.<\/p>\n<h3 class=\"fusion-responsive-typography-calculated\" style=\"--fontsize: 36; line-height: 1.2; color: #ffffff;\" data-fontsize=\"36\" data-lineheight=\"43.20000076293945px\">7. Kako varujemo va\u0161e podatke<\/h3>\n<p>Trudimo se, da va\u0161e osebne podatke varujemo. Za komunikacijo in prenos podatkov (npr. HTTPS) uporabljamo varne protokole. Kadar je primerno, uporabljamo anonimiziranje in psevdonimiranje. Spremljamo na\u0161e sisteme za morebitne ranljivosti in napade ter jih ustrezno (za)\u0161\u010ditimo.<br \/>\n\u010ceprav se trudimo po svojih najbolj\u0161ih mo\u010deh, ne moremo zagotoviti varnosti informacij. Vendar pa obljubljamo, da bomo obvestili pristojne organe o kr\u0161itvah podatkov. Prav tako vas bomo obvestili, \u010de obstaja nevarnost za va\u0161e pravice ali interese. Storili bomo vse, kar bomo lahko razumeli, da bi prepre\u010dili kr\u0161itve varnosti in pomagali organom, \u010de bi pri\u0161lo do kakr\u0161nih koli kr\u0161itev.<\/p>\n<p>\u010ce imate ra\u010dun pri nas, upo\u0161tevajte, da morate ohraniti svoje uporabni\u0161ko ime in geslo v tajnosti.<\/p>\n<p><strong>Otroci<\/strong><\/p>\n<p>Ne nameravamo zbirati ali zavestno zbirati informacij od otrok. Otrok ne ciljamo z na\u0161imi storitvami.<\/p>\n<h3 class=\"fusion-responsive-typography-calculated\" style=\"--fontsize: 36; line-height: 1.2; color: #ffffff;\" data-fontsize=\"36\" data-lineheight=\"43.20000076293945px\">8. Pi\u0161kotki in druge tehnologije, ki jih uporabljamo<\/h3>\n<p>Uporabljamo pi\u0161kotke in\/ali podobne tehnologije za analizo vedenja strank, upravljanje spletne strani, spremljanje uporabnikovih gibanj in zbiranje informacij o uporabnikih. To naredimo tako, da z nami prilagodimo in izbolj\u0161amo va\u0161e izku\u0161nje.<\/p>\n<p>Pi\u0161kotek je majhna besedilna datoteka, shranjena v ra\u010dunalniku. Podatki o shranjevanju pi\u0161kotkov, ki se uporabljajo za pomo\u010d pri ustvarjanju spletnih mest. Dostopamo samo do pi\u0161kotkov, ki jih je ustvarila na\u0161a spletna stran. Pi\u0161kotke lahko nadzorujete na ravni brskalnika. \u010ce \u017eelite onemogo\u010diti pi\u0161kotke, lahko ovirajo uporabo nekaterih funkcij.<\/p>\n<p><strong>Uporabljamo pi\u0161kotke za naslednje namene:<\/strong><\/p>\n<ul>\n<li>Potrebni pi\u0161kotki \u2013 ti pi\u0161kotki so potrebni, da lahko na na\u0161i spletni strani uporabite nekatere pomembne funkcije, na primer prijavo. Ti pi\u0161kotki ne zbirajo nobenih osebnih podatkov.<\/li>\n<li>Pi\u0161kotki funkcij \u2013 ti pi\u0161kotki zagotavljajo funkcionalnost, ki omogo\u010da uporabo na\u0161e storitve bolj priro\u010dno in omogo\u010da zagotavljanje bolj prilagojenih funkcij. Na primer, va\u0161e ime in e-po\u0161to lahko zapomneta v obrazcih za komentiranje, tako da vam ob naslednjem komentarju ne bo treba ponovno vnesti teh podatkov.<\/li>\n<li>Pi\u0161kotki Analytics \u2013 ti pi\u0161kotki se uporabljajo za spremljanje uporabe in u\u010dinkovitosti na\u0161ega spletnega mesta in storitev<\/li>\n<\/ul>\n<p>Pi\u0161kotek: _ga<br \/>\nPotreben za storitve statistike obiska (razlikovanje obiskovalcev), ki jih je opravil Google Analytics.<br \/>\nTrajanje: 2 leti<\/p>\n<p>Pi\u0161kotek: _gat<br \/>\nPotreben za storitve statistike obiska (razlikovanje obiskovalcev), ki jih je opravil Google Analytics.<br \/>\nTrajanje: do konca seje<\/p>\n<p>Pi\u0161kotek: _gid<br \/>\nPotreben za storitve statistike obiska (razlikovanje obiskovalcev), ki jih je opravil Google Analytics.<br \/>\nTrajanje: 24 ur<\/p>\n<p>Pi\u0161kotek: zbiranje<br \/>\nPotreben za storitve statistike obiska (razlikovanje obiskovalcev), ki jih je opravil Google Analytics.<br \/>\nTrajanje: do konca seje<\/p>\n<p>Pi\u0161kotek: impression.php \/ #<br \/>\nPotreben je za storitve Facebook.com<br \/>\nTrajanje: do konca seje<\/p>\n<p>Pi\u0161kotek: NID<br \/>\nYouTube uporablja za shranjevanje nastavitev seje, povezane z dejavnostmi uporabnikov, ko gledate vdelane videoposnetke.<br \/>\nTrajanje: 6 mesecev<\/p>\n<p>Pi\u0161kotek: PHPSESSID<br \/>\nZahtevana je za vzpostavitev uporabni\u0161ke seje in za posredovanje podatkov o stanju prek za\u010dasnega pi\u0161kotka, ki se obi\u010dajno imenujejo pi\u0161kotki v seji.<br \/>\nTrajanje: do konca seje<\/p>\n<p>Pi\u0161kotek: GDPR<br \/>\nZahtevana je za vzpostavitev uporabni\u0161ke seje in za posredovanje podatkov o stanju prek za\u010dasnega pi\u0161kotka.<br \/>\nTrajanje: 1 leto<\/p>\n<p>Pi\u0161kotke, shranjene v ra\u010dunalniku, lahko odstranite prek nastavitev brskalnika.<\/p>\n<p>Za merjenje prometa na na\u0161i spletni strani uporabljamo storitev Google Analytics. Google ima svoj pravilnik o zasebnosti, ki ga lahko pregledate <a href=\"https:\/\/support.google.com\/analytics\/answer\/6004245\">tukaj<\/a>. \u010ce \u017eelite Google Analytics onemogo\u010diti sledenje, obi\u0161\u010dite spletno mesto <a href=\"https:\/\/tools.google.com\/dlpage\/gaoptout\">Stran za izklju\u010ditev storitve Google Analytics<\/a>.<\/p>\n<p><span style=\"color: #ffffff;\">9. Kontaktni podatki<\/span><\/p>\n<p><strong>Nadzorni organ<\/strong><\/p>\n<p>E-po\u0161ta: <a href=\"mailto:gp.ip@ip-rs.si\">gp.ip@ip-rs.si<\/a><\/p>\n<p>Telefon: +386 1 230 9730<\/p>\n<h3 class=\"fusion-responsive-typography-calculated\" style=\"--fontsize: 36; line-height: 1.2; color: #ffffff;\" data-fontsize=\"36\" data-lineheight=\"43.20000076293945px\">Spremembe tega pravilnika o zasebnosti<\/h3>\n<p>Pridr\u017eujemo si pravico do spremembe tega pravilnika o zasebnosti.<br \/>\nZadnja sprememba je bila izvedena 28. januarja 2023.<\/p>\n<\/div><\/div><\/div><div class=\"fusion-layout-column fusion_builder_column fusion-builder-column-2 fusion_builder_column_1_1 1_1 fusion-flex-column\" style=\"--awb-bg-size:cover;--awb-width-large:100%;--awb-margin-top-large:0px;--awb-spacing-right-large:1.92%;--awb-margin-bottom-large:20px;--awb-spacing-left-large:1.92%;--awb-width-medium:100%;--awb-order-medium:0;--awb-spacing-right-medium:1.92%;--awb-spacing-left-medium:1.92%;--awb-width-small:100%;--awb-order-small:0;--awb-spacing-right-small:1.92%;--awb-spacing-left-small:1.92%;\"><div class=\"fusion-column-wrapper fusion-column-has-shadow fusion-flex-justify-content-flex-start fusion-content-layout-column\"><div class=\"fusion-separator fusion-full-width-sep\" style=\"align-self: center;margin-left: auto;margin-right: auto;width:100%;\"><div class=\"fusion-separator-border sep-single sep-dashed\" style=\"--awb-height:20px;--awb-amount:20px;border-color:var(--awb-color5);border-top-width:2px;\"><\/div><\/div><\/div><\/div><\/div><\/div><\/p>\n","protected":false},"excerpt":{"rendered":"","protected":false},"author":5,"featured_media":0,"parent":0,"menu_order":0,"comment_status":"closed","ping_status":"closed","template":"100-width.php","meta":{"content-type":"","footnotes":""},"class_list":["post-10957","page","type-page","status-publish","hentry"],"yoast_head":"<!-- This site is optimized with the Yoast SEO Premium plugin v26.7 (Yoast SEO v26.7) - https:\/\/yoast.com\/wordpress\/plugins\/seo\/ -->\n<title>Politika zasebnosti - Elmont Bled<\/title>\n<meta name=\"robots\" content=\"noindex, nofollow\" \/>\n<meta property=\"og:locale\" content=\"sl_SI\" \/>\n<meta property=\"og:type\" content=\"article\" \/>\n<meta property=\"og:title\" content=\"Politika zasebnosti\" \/>\n<meta property=\"og:url\" content=\"https:\/\/www.elmont.si\/sl\/politika-zasebnosti\/\" \/>\n<meta property=\"og:site_name\" content=\"Elmont Bled\" \/>\n<meta name=\"twitter:card\" content=\"summary_large_image\" \/>\n<meta name=\"twitter:label1\" content=\"Est. reading time\" \/>\n\t<meta name=\"twitter:data1\" content=\"9 minut\" \/>\n<script type=\"application\/ld+json\" class=\"yoast-schema-graph\">{\"@context\":\"https:\/\/schema.org\",\"@graph\":[{\"@type\":\"WebPage\",\"@id\":\"https:\/\/www.elmont.si\/sl\/politika-zasebnosti\/\",\"url\":\"https:\/\/www.elmont.si\/sl\/politika-zasebnosti\/\",\"name\":\"Politika zasebnosti - Elmont Bled\",\"isPartOf\":{\"@id\":\"https:\/\/www.elmont.si\/sl\/#website\"},\"datePublished\":\"2023-01-02T08:43:35+00:00\",\"dateModified\":\"2023-05-22T12:54:52+00:00\",\"breadcrumb\":{\"@id\":\"https:\/\/www.elmont.si\/sl\/politika-zasebnosti\/#breadcrumb\"},\"inLanguage\":\"sl-SI\",\"potentialAction\":[{\"@type\":\"ReadAction\",\"target\":[\"https:\/\/www.elmont.si\/sl\/politika-zasebnosti\/\"]}]},{\"@type\":\"BreadcrumbList\",\"@id\":\"https:\/\/www.elmont.si\/sl\/politika-zasebnosti\/#breadcrumb\",\"itemListElement\":[{\"@type\":\"ListItem\",\"position\":1,\"name\":\"Home\",\"item\":\"https:\/\/www.elmont.si\/sl\/\"},{\"@type\":\"ListItem\",\"position\":2,\"name\":\"Politika zasebnosti\"}]},{\"@type\":\"WebSite\",\"@id\":\"https:\/\/www.elmont.si\/sl\/#website\",\"url\":\"https:\/\/www.elmont.si\/sl\/\",\"name\":\"Elmont Bled\",\"description\":\"Elmont Bled d.d.\",\"potentialAction\":[{\"@type\":\"SearchAction\",\"target\":{\"@type\":\"EntryPoint\",\"urlTemplate\":\"https:\/\/www.elmont.si\/sl\/?s={search_term_string}\"},\"query-input\":{\"@type\":\"PropertyValueSpecification\",\"valueRequired\":true,\"valueName\":\"search_term_string\"}}],\"inLanguage\":\"sl-SI\"}]}<\/script>\n<!-- \/ Yoast SEO Premium plugin. -->","yoast_head_json":{"title":"Politika zasebnosti - Elmont Bled","robots":{"index":"noindex","follow":"nofollow"},"og_locale":"sl_SI","og_type":"article","og_title":"Politika zasebnosti","og_url":"https:\/\/www.elmont.si\/sl\/politika-zasebnosti\/","og_site_name":"Elmont Bled","twitter_card":"summary_large_image","twitter_misc":{"Est. reading time":"9 minut"},"schema":{"@context":"https:\/\/schema.org","@graph":[{"@type":"WebPage","@id":"https:\/\/www.elmont.si\/sl\/politika-zasebnosti\/","url":"https:\/\/www.elmont.si\/sl\/politika-zasebnosti\/","name":"Politika zasebnosti - Elmont Bled","isPartOf":{"@id":"https:\/\/www.elmont.si\/sl\/#website"},"datePublished":"2023-01-02T08:43:35+00:00","dateModified":"2023-05-22T12:54:52+00:00","breadcrumb":{"@id":"https:\/\/www.elmont.si\/sl\/politika-zasebnosti\/#breadcrumb"},"inLanguage":"sl-SI","potentialAction":[{"@type":"ReadAction","target":["https:\/\/www.elmont.si\/sl\/politika-zasebnosti\/"]}]},{"@type":"BreadcrumbList","@id":"https:\/\/www.elmont.si\/sl\/politika-zasebnosti\/#breadcrumb","itemListElement":[{"@type":"ListItem","position":1,"name":"Home","item":"https:\/\/www.elmont.si\/sl\/"},{"@type":"ListItem","position":2,"name":"Politika zasebnosti"}]},{"@type":"WebSite","@id":"https:\/\/www.elmont.si\/sl\/#website","url":"https:\/\/www.elmont.si\/sl\/","name":"Elmont Bled","description":"Elmont Bled d.d.","potentialAction":[{"@type":"SearchAction","target":{"@type":"EntryPoint","urlTemplate":"https:\/\/www.elmont.si\/sl\/?s={search_term_string}"},"query-input":{"@type":"PropertyValueSpecification","valueRequired":true,"valueName":"search_term_string"}}],"inLanguage":"sl-SI"}]}},"_links":{"self":[{"href":"https:\/\/www.elmont.si\/sl\/wp-json\/wp\/v2\/pages\/10957","targetHints":{"allow":["GET"]}}],"collection":[{"href":"https:\/\/www.elmont.si\/sl\/wp-json\/wp\/v2\/pages"}],"about":[{"href":"https:\/\/www.elmont.si\/sl\/wp-json\/wp\/v2\/types\/page"}],"author":[{"embeddable":true,"href":"https:\/\/www.elmont.si\/sl\/wp-json\/wp\/v2\/users\/5"}],"replies":[{"embeddable":true,"href":"https:\/\/www.elmont.si\/sl\/wp-json\/wp\/v2\/comments?post=10957"}],"version-history":[{"count":6,"href":"https:\/\/www.elmont.si\/sl\/wp-json\/wp\/v2\/pages\/10957\/revisions"}],"predecessor-version":[{"id":15855,"href":"https:\/\/www.elmont.si\/sl\/wp-json\/wp\/v2\/pages\/10957\/revisions\/15855"}],"wp:attachment":[{"href":"https:\/\/www.elmont.si\/sl\/wp-json\/wp\/v2\/media?parent=10957"}],"curies":[{"name":"wp","href":"https:\/\/api.w.org\/{rel}","templated":true}]}}