{"id":8195,"date":"2022-09-23T17:09:05","date_gmt":"2022-09-23T15:09:05","guid":{"rendered":"https:\/\/www.elmont.si\/?page_id=8195"},"modified":"2024-05-10T13:05:59","modified_gmt":"2024-05-10T11:05:59","slug":"icematic_my_ice_aplikacija","status":"publish","type":"page","link":"https:\/\/www.elmont.si\/hr\/ugostiteljska-oprema\/icematic_my_ice_aplikacija\/","title":{"rendered":"ICEMATIC MY ICE APLIKACIJA"},"content":{"rendered":"<p><div class=\"fusion-fullwidth fullwidth-box fusion-builder-row-1 fusion-flex-container has-pattern-background has-mask-background fusion-parallax-none nonhundred-percent-fullwidth non-hundred-percent-height-scrolling lazyload\" style=\"--awb-border-radius-top-left:0px;--awb-border-radius-top-right:0px;--awb-border-radius-bottom-right:0px;--awb-border-radius-bottom-left:0px;--awb-background-color:var(--awb-color1);--awb-background-size:cover;--awb-flex-wrap:wrap;\" data-bg=\"https:\/\/www.elmont.si\/wp-content\/uploads\/2022\/11\/Icematic-2000x1000-1.jpg\" ><div class=\"fusion-builder-row fusion-row fusion-flex-align-items-flex-start fusion-flex-content-wrap\" style=\"max-width:1248px;margin-left: calc(-4% \/ 2 );margin-right: calc(-4% \/ 2 );\"><div class=\"fusion-layout-column fusion_builder_column fusion-builder-column-0 fusion_builder_column_1_2 1_2 fusion-flex-column fusion-flex-align-self-center\" style=\"--awb-bg-size:cover;--awb-width-large:50%;--awb-margin-top-large:0px;--awb-spacing-right-large:3.84%;--awb-margin-bottom-large:20px;--awb-spacing-left-large:3.84%;--awb-width-medium:50%;--awb-order-medium:0;--awb-spacing-right-medium:3.84%;--awb-spacing-left-medium:3.84%;--awb-width-small:100%;--awb-order-small:0;--awb-spacing-right-small:1.92%;--awb-spacing-left-small:1.92%;\"><div class=\"fusion-column-wrapper fusion-column-has-shadow fusion-flex-justify-content-center fusion-content-layout-column\"><div class=\"fusion-text fusion-text-1\"><p><a href=\"https:\/\/play.google.com\/store\/apps\/details?id=com.castelmac.app&amp;hl=en&amp;gl=US&amp;pcampaignid=pcampaignidMKT-Other-global-all-co-prtnr-py-PartBadge-Mar2515-1\" rel=\"nofollow\"><img decoding=\"async\" class=\"lazyload \" src=\"data:image\/svg+xml,%3Csvg%20xmlns%3D%27http%3A%2F%2Fwww.w3.org%2F2000%2Fsvg%27%20width%3D%27227%27%20height%3D%2788%27%20viewBox%3D%270%200%20227%2088%27%3E%3Crect%20width%3D%27227%27%20height%3D%2788%27%20fill-opacity%3D%220%22%2F%3E%3C%2Fsvg%3E\" data-orig-src=\"https:\/\/play.google.com\/intl\/en_us\/badges\/static\/images\/badges\/hr_badge_web_generic.png\" alt=\"na voljo v Google Play\" width=\"227\" height=\"88\" \/><\/a><\/p>\n<p><a style=\"display: inline-block; overflow: hidden; border-radius: 13px; width: 250px; height: 83px;\" href=\"https:\/\/apps.apple.com\/us\/app\/icematic\/id1573774620?itsct=apps_box_badge&amp;itscg=30200\" rel=\"nofollow\"><img decoding=\"async\" class=\"lazyload \" style=\"border-radius: 13px; width: 232px; height: 77px;\" src=\"data:image\/gif;base64,R0lGODlhAQABAAAAACH5BAEKAAEALAAAAAABAAEAAAICTAEAOw==\" data-orig-src=\"https:\/\/tools.applemediaservices.com\/api\/badges\/download-on-the-app-store\/black\/hr-hr?size=250x83&amp;releaseDate=1653350400\" alt=\"Download on the App Store\" \/><\/a><\/p>\n<\/div><\/div><\/div><div class=\"fusion-layout-column fusion_builder_column fusion-builder-column-1 fusion_builder_column_1_2 1_2 fusion-flex-column\" style=\"--awb-padding-top:30px;--awb-padding-bottom:30px;--awb-bg-size:cover;--awb-width-large:50%;--awb-margin-top-large:0px;--awb-spacing-right-large:3.84%;--awb-margin-bottom-large:20px;--awb-spacing-left-large:3.84%;--awb-width-medium:50%;--awb-order-medium:0;--awb-spacing-right-medium:3.84%;--awb-spacing-left-medium:3.84%;--awb-width-small:100%;--awb-order-small:0;--awb-spacing-right-small:1.92%;--awb-spacing-left-small:1.92%;\"><div class=\"fusion-column-wrapper fusion-column-has-shadow fusion-flex-justify-content-flex-start fusion-content-layout-column\"><div class=\"fusion-image-element \" style=\"--awb-margin-top:50px;--awb-margin-bottom:50px;--awb-max-width:250px;--awb-caption-title-font-family:var(--h2_typography-font-family);--awb-caption-title-font-weight:var(--h2_typography-font-weight);--awb-caption-title-font-style:var(--h2_typography-font-style);--awb-caption-title-size:var(--h2_typography-font-size);--awb-caption-title-transform:var(--h2_typography-text-transform);--awb-caption-title-line-height:var(--h2_typography-line-height);--awb-caption-title-letter-spacing:var(--h2_typography-letter-spacing);\"><span class=\" fusion-imageframe imageframe-none imageframe-1 hover-type-none\"><img decoding=\"async\" width=\"501\" height=\"106\" title=\"Logo white 2\" src=\"https:\/\/www.elmont.si\/wp-content\/uploads\/2022\/11\/Logo-white-2.png\" data-orig-src=\"https:\/\/www.elmont.si\/wp-content\/uploads\/2022\/11\/Logo-white-2.png\" alt class=\"lazyload img-responsive wp-image-5976\" srcset=\"data:image\/svg+xml,%3Csvg%20xmlns%3D%27http%3A%2F%2Fwww.w3.org%2F2000%2Fsvg%27%20width%3D%27501%27%20height%3D%27106%27%20viewBox%3D%270%200%20501%20106%27%3E%3Crect%20width%3D%27501%27%20height%3D%27106%27%20fill-opacity%3D%220%22%2F%3E%3C%2Fsvg%3E\" data-srcset=\"https:\/\/www.elmont.si\/wp-content\/uploads\/2022\/11\/Logo-white-2-200x42.png 200w, https:\/\/www.elmont.si\/wp-content\/uploads\/2022\/11\/Logo-white-2-400x85.png 400w, https:\/\/www.elmont.si\/wp-content\/uploads\/2022\/11\/Logo-white-2.png 501w\" data-sizes=\"auto\" data-orig-sizes=\"(max-width: 640px) 100vw, 501px\" \/><\/span><\/div><div class=\"fusion-title title fusion-title-1 fusion-sep-none fusion-title-text fusion-title-size-one\" style=\"--awb-text-color:var(--awb-color1);--awb-margin-bottom:0px;--awb-font-size:64px;\"><h1 class=\"fusion-title-heading title-heading-left fusion-responsive-typography-calculated\" style=\"font-family:&quot;Montserrat&quot;;font-style:normal;font-weight:800;margin:0;font-size:1em;--fontSize:64;line-height:1;\">PAMETNO UPRAVLJANJE LEDOMATA NA DALJINU<\/h1><\/div><div class=\"fusion-text fusion-text-2\" style=\"--awb-text-color:#ffffff;\"><p>S aplikacijom My Ice mo\u017eete upravljati proizvodnjom leda direktno putem mobilnog telefona.<\/p>\n<\/div><\/div><\/div><\/div><\/div><div class=\"fusion-fullwidth fullwidth-box fusion-builder-row-2 fusion-flex-container has-pattern-background has-mask-background nonhundred-percent-fullwidth non-hundred-percent-height-scrolling\" style=\"--link_hover_color: #b7091e;--awb-border-radius-top-left:0px;--awb-border-radius-top-right:0px;--awb-border-radius-bottom-right:0px;--awb-border-radius-bottom-left:0px;--awb-padding-right-small:0px;--awb-padding-left-small:0px;--awb-background-color:var(--awb-color2);--awb-flex-wrap:wrap;\" ><div class=\"fusion-builder-row fusion-row fusion-flex-align-items-stretch fusion-flex-content-wrap\" style=\"max-width:1248px;margin-left: calc(-4% \/ 2 );margin-right: calc(-4% \/ 2 );\"><div class=\"fusion-layout-column fusion_builder_column fusion-builder-column-2 fusion_builder_column_1_1 1_1 fusion-flex-column\" style=\"--awb-padding-right:20px;--awb-padding-bottom:20px;--awb-padding-top-small:20px;--awb-padding-right-small:30px;--awb-padding-bottom-small:20px;--awb-padding-left-small:30px;--awb-bg-size:cover;--awb-width-large:100%;--awb-margin-top-large:0px;--awb-spacing-right-large:10px;--awb-margin-bottom-large:0px;--awb-spacing-left-large:10px;--awb-width-medium:100%;--awb-order-medium:0;--awb-spacing-right-medium:10px;--awb-spacing-left-medium:10px;--awb-width-small:100%;--awb-order-small:0;--awb-spacing-right-small:1.92%;--awb-spacing-left-small:1.92%;\"><div class=\"fusion-column-wrapper fusion-column-has-shadow fusion-flex-justify-content-flex-start fusion-content-layout-column\"><\/div><\/div><div class=\"fusion-layout-column fusion_builder_column fusion-builder-column-3 fusion_builder_column_1_2 1_2 fusion-flex-column fusion-flex-align-self-stretch\" style=\"--awb-padding-top:30px;--awb-padding-right:30px;--awb-padding-bottom:30px;--awb-padding-left:30px;--awb-padding-top-small:0px;--awb-padding-right-small:0px;--awb-padding-bottom-small:0px;--awb-padding-left-small:0px;--awb-bg-color:var(--awb-color1);--awb-bg-color-hover:var(--awb-color1);--awb-bg-size:cover;--awb-width-large:50%;--awb-margin-top-large:0px;--awb-spacing-right-large:0%;--awb-margin-bottom-large:0px;--awb-spacing-left-large:0%;--awb-width-medium:50%;--awb-order-medium:0;--awb-spacing-right-medium:0%;--awb-spacing-left-medium:0%;--awb-width-small:100%;--awb-order-small:0;--awb-spacing-right-small:1.92%;--awb-spacing-left-small:1.92%;\"><div class=\"fusion-column-wrapper fusion-column-has-shadow fusion-flex-justify-content-center fusion-content-layout-column\"><div class=\"fusion-image-carousel fusion-image-carousel-auto fusion-image-carousel-1\"><div class=\"awb-carousel awb-swiper awb-swiper-carousel awb-carousel--carousel awb-swiper-dots-position-bottom\" data-layout=\"carousel\" data-autoplay=\"yes\" data-autoplayspeed=\"2500\" data-autoplaypause=\"no\" data-columns=\"1\" data-columnsmedium=\"1\" data-columnssmall=\"1\" data-itemmargin=\"13\" data-itemwidth=\"180\" data-touchscroll=\"drag\" data-freemode=\"no\" data-imagesize=\"auto\" data-scrollitems=\"0\" data-centeredslides=\"no\" data-rotationangle=\"50\" data-depth=\"100\" data-speed=\"500\" data-shadow=\"no\" data-pagination=\"bullets\" style=\"--awb-columns:1;\"><div class=\"swiper-wrapper awb-image-carousel-wrapper fusion-flex-align-items-center\"><div class=\"swiper-slide\"><div class=\"fusion-carousel-item-wrapper\"><div class=\"fusion-image-wrapper hover-type-none\"><img decoding=\"async\" width=\"1668\" height=\"1668\" src=\"https:\/\/www.elmont.si\/wp-content\/uploads\/2022\/11\/app-1.png\" class=\"attachment-full size-full lazyload\" alt=\"\" srcset=\"data:image\/svg+xml,%3Csvg%20xmlns%3D%27http%3A%2F%2Fwww.w3.org%2F2000%2Fsvg%27%20width%3D%271668%27%20height%3D%271668%27%20viewBox%3D%270%200%201668%201668%27%3E%3Crect%20width%3D%271668%27%20height%3D%271668%27%20fill-opacity%3D%220%22%2F%3E%3C%2Fsvg%3E\" data-orig-src=\"https:\/\/www.elmont.si\/wp-content\/uploads\/2022\/11\/app-1.png\" data-srcset=\"https:\/\/www.elmont.si\/wp-content\/uploads\/2022\/11\/app-1-66x66.png 66w, https:\/\/www.elmont.si\/wp-content\/uploads\/2022\/11\/app-1-150x150.png 150w, https:\/\/www.elmont.si\/wp-content\/uploads\/2022\/11\/app-1-200x200.png 200w, https:\/\/www.elmont.si\/wp-content\/uploads\/2022\/11\/app-1-300x300.png 300w, https:\/\/www.elmont.si\/wp-content\/uploads\/2022\/11\/app-1-400x400.png 400w, https:\/\/www.elmont.si\/wp-content\/uploads\/2022\/11\/app-1-600x600.png 600w, https:\/\/www.elmont.si\/wp-content\/uploads\/2022\/11\/app-1-768x768.png 768w, https:\/\/www.elmont.si\/wp-content\/uploads\/2022\/11\/app-1-800x800.png 800w, https:\/\/www.elmont.si\/wp-content\/uploads\/2022\/11\/app-1-1024x1024.png 1024w, https:\/\/www.elmont.si\/wp-content\/uploads\/2022\/11\/app-1-1200x1200.png 1200w, https:\/\/www.elmont.si\/wp-content\/uploads\/2022\/11\/app-1-1536x1536.png 1536w, https:\/\/www.elmont.si\/wp-content\/uploads\/2022\/11\/app-1.png 1668w\" data-sizes=\"auto\" \/><\/div><\/div><\/div><div class=\"swiper-slide\"><div class=\"fusion-carousel-item-wrapper\"><div class=\"fusion-image-wrapper hover-type-none\"><img decoding=\"async\" width=\"1668\" height=\"1668\" src=\"https:\/\/www.elmont.si\/wp-content\/uploads\/2022\/11\/app-2.png\" class=\"attachment-full size-full lazyload\" alt=\"\" srcset=\"data:image\/svg+xml,%3Csvg%20xmlns%3D%27http%3A%2F%2Fwww.w3.org%2F2000%2Fsvg%27%20width%3D%271668%27%20height%3D%271668%27%20viewBox%3D%270%200%201668%201668%27%3E%3Crect%20width%3D%271668%27%20height%3D%271668%27%20fill-opacity%3D%220%22%2F%3E%3C%2Fsvg%3E\" data-orig-src=\"https:\/\/www.elmont.si\/wp-content\/uploads\/2022\/11\/app-2.png\" data-srcset=\"https:\/\/www.elmont.si\/wp-content\/uploads\/2022\/11\/app-2-66x66.png 66w, https:\/\/www.elmont.si\/wp-content\/uploads\/2022\/11\/app-2-150x150.png 150w, https:\/\/www.elmont.si\/wp-content\/uploads\/2022\/11\/app-2-200x200.png 200w, https:\/\/www.elmont.si\/wp-content\/uploads\/2022\/11\/app-2-300x300.png 300w, https:\/\/www.elmont.si\/wp-content\/uploads\/2022\/11\/app-2-400x400.png 400w, https:\/\/www.elmont.si\/wp-content\/uploads\/2022\/11\/app-2-600x600.png 600w, https:\/\/www.elmont.si\/wp-content\/uploads\/2022\/11\/app-2-768x768.png 768w, https:\/\/www.elmont.si\/wp-content\/uploads\/2022\/11\/app-2-800x800.png 800w, https:\/\/www.elmont.si\/wp-content\/uploads\/2022\/11\/app-2-1024x1024.png 1024w, https:\/\/www.elmont.si\/wp-content\/uploads\/2022\/11\/app-2-1200x1200.png 1200w, https:\/\/www.elmont.si\/wp-content\/uploads\/2022\/11\/app-2-1536x1536.png 1536w, https:\/\/www.elmont.si\/wp-content\/uploads\/2022\/11\/app-2.png 1668w\" data-sizes=\"auto\" \/><\/div><\/div><\/div><div class=\"swiper-slide\"><div class=\"fusion-carousel-item-wrapper\"><div class=\"fusion-image-wrapper hover-type-none\"><img decoding=\"async\" width=\"1668\" height=\"1668\" src=\"https:\/\/www.elmont.si\/wp-content\/uploads\/2022\/11\/app-3.png\" class=\"attachment-full size-full lazyload\" alt=\"\" srcset=\"data:image\/svg+xml,%3Csvg%20xmlns%3D%27http%3A%2F%2Fwww.w3.org%2F2000%2Fsvg%27%20width%3D%271668%27%20height%3D%271668%27%20viewBox%3D%270%200%201668%201668%27%3E%3Crect%20width%3D%271668%27%20height%3D%271668%27%20fill-opacity%3D%220%22%2F%3E%3C%2Fsvg%3E\" data-orig-src=\"https:\/\/www.elmont.si\/wp-content\/uploads\/2022\/11\/app-3.png\" data-srcset=\"https:\/\/www.elmont.si\/wp-content\/uploads\/2022\/11\/app-3-66x66.png 66w, https:\/\/www.elmont.si\/wp-content\/uploads\/2022\/11\/app-3-150x150.png 150w, https:\/\/www.elmont.si\/wp-content\/uploads\/2022\/11\/app-3-200x200.png 200w, https:\/\/www.elmont.si\/wp-content\/uploads\/2022\/11\/app-3-300x300.png 300w, https:\/\/www.elmont.si\/wp-content\/uploads\/2022\/11\/app-3-400x400.png 400w, https:\/\/www.elmont.si\/wp-content\/uploads\/2022\/11\/app-3-600x600.png 600w, https:\/\/www.elmont.si\/wp-content\/uploads\/2022\/11\/app-3-768x768.png 768w, https:\/\/www.elmont.si\/wp-content\/uploads\/2022\/11\/app-3-800x800.png 800w, https:\/\/www.elmont.si\/wp-content\/uploads\/2022\/11\/app-3-1024x1024.png 1024w, https:\/\/www.elmont.si\/wp-content\/uploads\/2022\/11\/app-3-1200x1200.png 1200w, https:\/\/www.elmont.si\/wp-content\/uploads\/2022\/11\/app-3-1536x1536.png 1536w, https:\/\/www.elmont.si\/wp-content\/uploads\/2022\/11\/app-3.png 1668w\" data-sizes=\"auto\" \/><\/div><\/div><\/div><div class=\"swiper-slide\"><div class=\"fusion-carousel-item-wrapper\"><div class=\"fusion-image-wrapper hover-type-none\"><img decoding=\"async\" width=\"1668\" height=\"1668\" src=\"https:\/\/www.elmont.si\/wp-content\/uploads\/2022\/11\/app-4.png\" class=\"attachment-full size-full lazyload\" alt=\"\" srcset=\"data:image\/svg+xml,%3Csvg%20xmlns%3D%27http%3A%2F%2Fwww.w3.org%2F2000%2Fsvg%27%20width%3D%271668%27%20height%3D%271668%27%20viewBox%3D%270%200%201668%201668%27%3E%3Crect%20width%3D%271668%27%20height%3D%271668%27%20fill-opacity%3D%220%22%2F%3E%3C%2Fsvg%3E\" data-orig-src=\"https:\/\/www.elmont.si\/wp-content\/uploads\/2022\/11\/app-4.png\" data-srcset=\"https:\/\/www.elmont.si\/wp-content\/uploads\/2022\/11\/app-4-66x66.png 66w, https:\/\/www.elmont.si\/wp-content\/uploads\/2022\/11\/app-4-150x150.png 150w, https:\/\/www.elmont.si\/wp-content\/uploads\/2022\/11\/app-4-200x200.png 200w, https:\/\/www.elmont.si\/wp-content\/uploads\/2022\/11\/app-4-300x300.png 300w, https:\/\/www.elmont.si\/wp-content\/uploads\/2022\/11\/app-4-400x400.png 400w, https:\/\/www.elmont.si\/wp-content\/uploads\/2022\/11\/app-4-600x600.png 600w, https:\/\/www.elmont.si\/wp-content\/uploads\/2022\/11\/app-4-768x768.png 768w, https:\/\/www.elmont.si\/wp-content\/uploads\/2022\/11\/app-4-800x800.png 800w, https:\/\/www.elmont.si\/wp-content\/uploads\/2022\/11\/app-4-1024x1024.png 1024w, https:\/\/www.elmont.si\/wp-content\/uploads\/2022\/11\/app-4-1200x1200.png 1200w, https:\/\/www.elmont.si\/wp-content\/uploads\/2022\/11\/app-4-1536x1536.png 1536w, https:\/\/www.elmont.si\/wp-content\/uploads\/2022\/11\/app-4.png 1668w\" data-sizes=\"auto\" \/><\/div><\/div><\/div><\/div><div class=\"awb-swiper-button awb-swiper-button-prev\"><i class=\"awb-icon-angle-left\" aria-hidden=\"true\"><\/i><\/div><div class=\"awb-swiper-button awb-swiper-button-next\"><i class=\"awb-icon-angle-right\" aria-hidden=\"true\"><\/i><\/div><\/div><\/div><\/div><\/div><div class=\"fusion-layout-column fusion_builder_column fusion-builder-column-4 fusion_builder_column_1_2 1_2 fusion-flex-column\" style=\"--awb-padding-top:30px;--awb-padding-right:30px;--awb-padding-bottom:30px;--awb-padding-left:30px;--awb-bg-color:var(--awb-color1);--awb-bg-color-hover:var(--awb-color1);--awb-bg-size:cover;--awb-width-large:50%;--awb-margin-top-large:0px;--awb-spacing-right-large:0%;--awb-margin-bottom-large:0px;--awb-spacing-left-large:0%;--awb-width-medium:50%;--awb-order-medium:0;--awb-spacing-right-medium:0%;--awb-spacing-left-medium:0%;--awb-width-small:100%;--awb-order-small:0;--awb-spacing-right-small:1.92%;--awb-spacing-left-small:1.92%;\"><div class=\"fusion-column-wrapper fusion-column-has-shadow fusion-flex-justify-content-flex-start fusion-content-layout-column\"><div class=\"fusion-title title fusion-title-2 fusion-sep-none fusion-title-text fusion-title-size-three\"><h3 class=\"fusion-title-heading title-heading-left fusion-responsive-typography-calculated\" style=\"margin:0;--fontSize:36;line-height:1;\">APLIKACIJA <em>MY ICE\u00a0<\/em><\/h3><\/div><div class=\"fusion-separator fusion-full-width-sep\" style=\"align-self: center;margin-left: auto;margin-right: auto;margin-bottom:50px;width:100%;\"><div class=\"fusion-separator-border sep-single\" style=\"--awb-height:20px;--awb-amount:20px;border-color:var(--awb-color5);border-top-width:2px;\"><\/div><\/div><div class=\"fusion-text fusion-text-3\"><p><img decoding=\"async\" class=\"lazyload alignnone size-full wp-image-6858\" src=\"data:image\/svg+xml,%3Csvg%20xmlns%3D%27http%3A%2F%2Fwww.w3.org%2F2000%2Fsvg%27%20width%3D%2770%27%20height%3D%27100%27%20viewBox%3D%270%200%2070%20100%27%3E%3Crect%20width%3D%2770%27%20height%3D%27100%27%20fill-opacity%3D%220%22%2F%3E%3C%2Fsvg%3E\" data-orig-src=\"https:\/\/www.elmont.si\/wp-content\/uploads\/2022\/11\/icematic-app.png\" alt=\"\" width=\"70\" height=\"100\" \/><\/p>\n<p class=\"p1\"><strong>UPRAVLJANJE VA\u0160IM LEDOM NIKAD NIJE BILO LAK\u0160E, JEDNIM DODIROM NA VA\u0160EM PAMETNOM TELEFONU.<\/strong><\/p>\n<p class=\"p2\">Inovativna aplikacija <em>My Ice<\/em> omogu\u0107uje potpunu kontrolu nad svakim strojem preko Bluetootha ili Wi-FI-a. Ovaj patentirani sustav omogu\u0107it \u0107e vam da <strong>optimizirate proizvodnju, istovremeno smanjuju\u0107i otpad i osiguravaju\u0107i uvijek svje\u017ee napravljeni led, izbjegavaju\u0107i rizik od razmno\u017eavanja bakterija.<\/strong><\/p>\n<p class=\"p2\">Aplikacija My Ice pru\u017ea vam mogu\u0107nost da:<\/p>\n<ol>\n<li class=\"p2\">cikluse proizvodnje mo\u017eete pokretati za definisane i programirane koli\u010dine leda biranjem vremenskog perioda u kome led treba da bude spreman za upotrebu,<\/li>\n<li class=\"p2\">daljinski upravljate trenutnim stanjem ure\u0111aja i pode\u0161avate zapreminu skladi\u0161nika, i to bez potrebe da dodirnete ili otvarate ure\u0111aj.<\/li>\n<li class=\"p2\">mo\u017eete nadgledati i aktivirati cikluse \u010di\u0161\u0107enja i dezinfekcije ozonom, zahvaljuju\u0107i \u010demu se posti\u017ee savr\u0161ena higijena ledomata.<\/li>\n<\/ol>\n<\/div><\/div><\/div><\/div><\/div><\/p>\n","protected":false},"excerpt":{"rendered":"","protected":false},"author":3,"featured_media":0,"parent":8010,"menu_order":0,"comment_status":"closed","ping_status":"closed","template":"product-100-width.php","meta":{"content-type":"","footnotes":""},"class_list":["post-8195","page","type-page","status-publish","hentry"],"yoast_head":"<!-- This site is optimized with the Yoast SEO Premium plugin v26.7 (Yoast SEO v26.7) - https:\/\/yoast.com\/wordpress\/plugins\/seo\/ -->\n<title>ICEMATIC MY ICE APLIKACIJA - Elmont Bled<\/title>\n<meta name=\"robots\" content=\"index, follow, max-snippet:-1, max-image-preview:large, max-video-preview:-1\" \/>\n<link rel=\"canonical\" href=\"https:\/\/www.elmont.si\/hr\/ugostiteljska-oprema\/icematic_my_ice_aplikacija\/\" \/>\n<meta property=\"og:locale\" content=\"hr_HR\" \/>\n<meta property=\"og:type\" content=\"article\" \/>\n<meta property=\"og:title\" content=\"ICEMATIC MY ICE APLIKACIJA\" \/>\n<meta property=\"og:url\" content=\"https:\/\/www.elmont.si\/hr\/ugostiteljska-oprema\/icematic_my_ice_aplikacija\/\" \/>\n<meta property=\"og:site_name\" content=\"Elmont Bled\" \/>\n<meta property=\"og:image\" content=\"https:\/\/play.google.com\/intl\/en_us\/badges\/static\/images\/badges\/hr_badge_web_generic.png\" \/>\n<meta name=\"twitter:card\" content=\"summary_large_image\" \/>\n<meta name=\"twitter:label1\" content=\"Est. reading time\" \/>\n\t<meta name=\"twitter:data1\" content=\"7 minutes\" \/>\n<script type=\"application\/ld+json\" class=\"yoast-schema-graph\">{\"@context\":\"https:\/\/schema.org\",\"@graph\":[{\"@type\":\"WebPage\",\"@id\":\"https:\/\/www.elmont.si\/hr\/ugostiteljska-oprema\/icematic_my_ice_aplikacija\/\",\"url\":\"https:\/\/www.elmont.si\/hr\/ugostiteljska-oprema\/icematic_my_ice_aplikacija\/\",\"name\":\"ICEMATIC MY ICE APLIKACIJA - Elmont Bled\",\"isPartOf\":{\"@id\":\"https:\/\/www.elmont.si\/hr\/#website\"},\"primaryImageOfPage\":{\"@id\":\"https:\/\/www.elmont.si\/hr\/ugostiteljska-oprema\/icematic_my_ice_aplikacija\/#primaryimage\"},\"image\":{\"@id\":\"https:\/\/www.elmont.si\/hr\/ugostiteljska-oprema\/icematic_my_ice_aplikacija\/#primaryimage\"},\"thumbnailUrl\":\"https:\/\/play.google.com\/intl\/en_us\/badges\/static\/images\/badges\/hr_badge_web_generic.png\",\"datePublished\":\"2022-09-23T15:09:05+00:00\",\"dateModified\":\"2024-05-10T11:05:59+00:00\",\"breadcrumb\":{\"@id\":\"https:\/\/www.elmont.si\/hr\/ugostiteljska-oprema\/icematic_my_ice_aplikacija\/#breadcrumb\"},\"inLanguage\":\"hr-HR\",\"potentialAction\":[{\"@type\":\"ReadAction\",\"target\":[\"https:\/\/www.elmont.si\/hr\/ugostiteljska-oprema\/icematic_my_ice_aplikacija\/\"]}]},{\"@type\":\"ImageObject\",\"inLanguage\":\"hr-HR\",\"@id\":\"https:\/\/www.elmont.si\/hr\/ugostiteljska-oprema\/icematic_my_ice_aplikacija\/#primaryimage\",\"url\":\"https:\/\/play.google.com\/intl\/en_us\/badges\/static\/images\/badges\/hr_badge_web_generic.png\",\"contentUrl\":\"https:\/\/play.google.com\/intl\/en_us\/badges\/static\/images\/badges\/hr_badge_web_generic.png\"},{\"@type\":\"BreadcrumbList\",\"@id\":\"https:\/\/www.elmont.si\/hr\/ugostiteljska-oprema\/icematic_my_ice_aplikacija\/#breadcrumb\",\"itemListElement\":[{\"@type\":\"ListItem\",\"position\":1,\"name\":\"Home\",\"item\":\"https:\/\/www.elmont.si\/hr\/\"},{\"@type\":\"ListItem\",\"position\":2,\"name\":\"UGOSTITELJSKA OPREMA\",\"item\":\"https:\/\/www.elmont.si\/hr\/ugostiteljska-oprema\/\"},{\"@type\":\"ListItem\",\"position\":3,\"name\":\"ICEMATIC MY ICE APLIKACIJA\"}]},{\"@type\":\"WebSite\",\"@id\":\"https:\/\/www.elmont.si\/hr\/#website\",\"url\":\"https:\/\/www.elmont.si\/hr\/\",\"name\":\"Elmont Bled\",\"description\":\"Elmont Bled d.d.\",\"potentialAction\":[{\"@type\":\"SearchAction\",\"target\":{\"@type\":\"EntryPoint\",\"urlTemplate\":\"https:\/\/www.elmont.si\/hr\/?s={search_term_string}\"},\"query-input\":{\"@type\":\"PropertyValueSpecification\",\"valueRequired\":true,\"valueName\":\"search_term_string\"}}],\"inLanguage\":\"hr-HR\"}]}<\/script>\n<!-- \/ Yoast SEO Premium plugin. -->","yoast_head_json":{"title":"ICEMATIC MY ICE APLIKACIJA - Elmont Bled","robots":{"index":"index","follow":"follow","max-snippet":"max-snippet:-1","max-image-preview":"max-image-preview:large","max-video-preview":"max-video-preview:-1"},"canonical":"https:\/\/www.elmont.si\/hr\/ugostiteljska-oprema\/icematic_my_ice_aplikacija\/","og_locale":"hr_HR","og_type":"article","og_title":"ICEMATIC MY ICE APLIKACIJA","og_url":"https:\/\/www.elmont.si\/hr\/ugostiteljska-oprema\/icematic_my_ice_aplikacija\/","og_site_name":"Elmont Bled","og_image":[{"url":"https:\/\/play.google.com\/intl\/en_us\/badges\/static\/images\/badges\/hr_badge_web_generic.png","type":"","width":"","height":""}],"twitter_card":"summary_large_image","twitter_misc":{"Est. reading time":"7 minutes"},"schema":{"@context":"https:\/\/schema.org","@graph":[{"@type":"WebPage","@id":"https:\/\/www.elmont.si\/hr\/ugostiteljska-oprema\/icematic_my_ice_aplikacija\/","url":"https:\/\/www.elmont.si\/hr\/ugostiteljska-oprema\/icematic_my_ice_aplikacija\/","name":"ICEMATIC MY ICE APLIKACIJA - Elmont Bled","isPartOf":{"@id":"https:\/\/www.elmont.si\/hr\/#website"},"primaryImageOfPage":{"@id":"https:\/\/www.elmont.si\/hr\/ugostiteljska-oprema\/icematic_my_ice_aplikacija\/#primaryimage"},"image":{"@id":"https:\/\/www.elmont.si\/hr\/ugostiteljska-oprema\/icematic_my_ice_aplikacija\/#primaryimage"},"thumbnailUrl":"https:\/\/play.google.com\/intl\/en_us\/badges\/static\/images\/badges\/hr_badge_web_generic.png","datePublished":"2022-09-23T15:09:05+00:00","dateModified":"2024-05-10T11:05:59+00:00","breadcrumb":{"@id":"https:\/\/www.elmont.si\/hr\/ugostiteljska-oprema\/icematic_my_ice_aplikacija\/#breadcrumb"},"inLanguage":"hr-HR","potentialAction":[{"@type":"ReadAction","target":["https:\/\/www.elmont.si\/hr\/ugostiteljska-oprema\/icematic_my_ice_aplikacija\/"]}]},{"@type":"ImageObject","inLanguage":"hr-HR","@id":"https:\/\/www.elmont.si\/hr\/ugostiteljska-oprema\/icematic_my_ice_aplikacija\/#primaryimage","url":"https:\/\/play.google.com\/intl\/en_us\/badges\/static\/images\/badges\/hr_badge_web_generic.png","contentUrl":"https:\/\/play.google.com\/intl\/en_us\/badges\/static\/images\/badges\/hr_badge_web_generic.png"},{"@type":"BreadcrumbList","@id":"https:\/\/www.elmont.si\/hr\/ugostiteljska-oprema\/icematic_my_ice_aplikacija\/#breadcrumb","itemListElement":[{"@type":"ListItem","position":1,"name":"Home","item":"https:\/\/www.elmont.si\/hr\/"},{"@type":"ListItem","position":2,"name":"UGOSTITELJSKA OPREMA","item":"https:\/\/www.elmont.si\/hr\/ugostiteljska-oprema\/"},{"@type":"ListItem","position":3,"name":"ICEMATIC MY ICE APLIKACIJA"}]},{"@type":"WebSite","@id":"https:\/\/www.elmont.si\/hr\/#website","url":"https:\/\/www.elmont.si\/hr\/","name":"Elmont Bled","description":"Elmont Bled d.d.","potentialAction":[{"@type":"SearchAction","target":{"@type":"EntryPoint","urlTemplate":"https:\/\/www.elmont.si\/hr\/?s={search_term_string}"},"query-input":{"@type":"PropertyValueSpecification","valueRequired":true,"valueName":"search_term_string"}}],"inLanguage":"hr-HR"}]}},"_links":{"self":[{"href":"https:\/\/www.elmont.si\/hr\/wp-json\/wp\/v2\/pages\/8195","targetHints":{"allow":["GET"]}}],"collection":[{"href":"https:\/\/www.elmont.si\/hr\/wp-json\/wp\/v2\/pages"}],"about":[{"href":"https:\/\/www.elmont.si\/hr\/wp-json\/wp\/v2\/types\/page"}],"author":[{"embeddable":true,"href":"https:\/\/www.elmont.si\/hr\/wp-json\/wp\/v2\/users\/3"}],"replies":[{"embeddable":true,"href":"https:\/\/www.elmont.si\/hr\/wp-json\/wp\/v2\/comments?post=8195"}],"version-history":[{"count":6,"href":"https:\/\/www.elmont.si\/hr\/wp-json\/wp\/v2\/pages\/8195\/revisions"}],"predecessor-version":[{"id":15999,"href":"https:\/\/www.elmont.si\/hr\/wp-json\/wp\/v2\/pages\/8195\/revisions\/15999"}],"up":[{"embeddable":true,"href":"https:\/\/www.elmont.si\/hr\/wp-json\/wp\/v2\/pages\/8010"}],"wp:attachment":[{"href":"https:\/\/www.elmont.si\/hr\/wp-json\/wp\/v2\/media?parent=8195"}],"curies":[{"name":"wp","href":"https:\/\/api.w.org\/{rel}","templated":true}]}}